{"id":1156,"date":"2021-10-27T13:03:06","date_gmt":"2021-10-27T11:03:06","guid":{"rendered":"https:\/\/fat-dp.com\/?post_type=product&#038;p=1156"},"modified":"2026-01-22T13:32:02","modified_gmt":"2026-01-22T12:32:02","slug":"angle-kit-for-toyota-supra-mk3-65-degrees","status":"publish","type":"product","link":"https:\/\/fat-dp.com\/pl\/angle-kit-for-toyota-supra-mk3-65-degrees\/","title":{"rendered":"Zestaw k\u0105ta skr\u0119tu do Toyoty Supra MK3 65\u00b0"},"content":{"rendered":"<p class=\"ai-optimize-12 ai-optimize-introduction\">Zestaw jest w pe\u0142ni regulowany<br \/>\n1- regulowany Ackermann<br \/>\n2- Regulowane ograniczniki skr\u0119tu kierownicy (tuleje ekscentryczne)<br \/>\n3 - Regulowany camber<br \/>\n4 - Regulowany caster<\/p>\n<p class=\"ai-optimize-13\">Zestaw zawiera:<br \/>\n- 2 zwrotnice<br \/>\n- 2 dolne ramiona<br \/>\n- 2 regulowane g\u00f3rne ramiona<br \/>\n- 2 dr\u0105\u017cki kierownicze z ko\u0144c\u00f3wkami dr\u0105\u017ck\u00f3w<br \/>\n- 1 zestaw Ackermanna (24 p\u0142yty blokuj\u0105ce)<br \/>\n- Zestaw \u015brub<br \/>\n- 2 nowe \u0142o\u017cyska k\u00f3\u0142 do Lexusa IS200<br \/>\n- 2 nowe piasty k\u00f3\u0142 do Lexusa IS200<\/p>","protected":false},"excerpt":{"rendered":"<p>Kit is fully adjustable: 1- adjustable ackermann 2- adjustable bumps (eccentric bushings) 3- adjustable camber 4- adjustable caster Kit include: -2 knuckles -2 lower arms&#8230;<\/p>","protected":false},"featured_media":3707,"comment_status":"open","ping_status":"closed","template":"","meta":[],"product_brand":[],"product_cat":[96],"product_tag":[],"class_list":{"0":"post-1156","1":"product","2":"type-product","3":"status-publish","4":"has-post-thumbnail","6":"product_cat-supra-mk3","8":"first","9":"instock","10":"taxable","11":"shipping-taxable","12":"purchasable","13":"product-type-simple"},"etheme_brands":{"errors":{"invalid_taxonomy":["Nieprawid\u0142owa taksonomia."]},"error_data":[]},"yoast_head":"<!-- This site is optimized with the Yoast SEO Premium plugin v25.2 (Yoast SEO v25.2) - https:\/\/yoast.com\/wordpress\/plugins\/seo\/ -->\n<title>Angle kit for Toyota Supra MK3 65 degrees - fat-dp.com<\/title>\n<meta name=\"robots\" content=\"index, follow, max-snippet:-1, max-image-preview:large, max-video-preview:-1\" \/>\n<link rel=\"canonical\" href=\"https:\/\/fat-dp.com\/pl\/angle-kit-for-toyota-supra-mk3-65-degrees\/\" \/>\n<meta property=\"og:locale\" content=\"pl_PL\" \/>\n<meta property=\"og:type\" content=\"article\" \/>\n<meta property=\"og:title\" content=\"Angle kit for Toyota Supra MK3 65 degrees\" \/>\n<meta property=\"og:description\" content=\"Kit is fully adjustable: 1- adjustable ackermann 2- adjustable bumps (eccentric bushings) 3- adjustable camber 4- adjustable caster Kit include: -2 knuckles -2 lower arms...\" \/>\n<meta property=\"og:url\" content=\"https:\/\/fat-dp.com\/pl\/angle-kit-for-toyota-supra-mk3-65-degrees\/\" \/>\n<meta property=\"og:site_name\" content=\"fat-dp.com\" \/>\n<meta property=\"article:modified_time\" content=\"2026-01-22T12:32:02+00:00\" \/>\n<meta property=\"og:image\" content=\"https:\/\/fat-dp.com\/wp-content\/uploads\/2025\/10\/angle-kit-for-toyota-supra-mk3-65-degrees.webp\" \/>\n\t<meta property=\"og:image:width\" content=\"1080\" \/>\n\t<meta property=\"og:image:height\" content=\"1080\" \/>\n\t<meta property=\"og:image:type\" content=\"image\/webp\" \/>\n<meta name=\"twitter:card\" content=\"summary_large_image\" \/>\n<meta name=\"twitter:label1\" content=\"Cena\" \/>\n\t<meta name=\"twitter:data1\" content=\"&euro;1,950.00 incl. VAT \/ TAX\" \/>\n\t<meta name=\"twitter:label2\" content=\"Dost\u0119pno\u015b\u0107\" \/>\n\t<meta name=\"twitter:data2\" content=\"Dost\u0119pny\" \/>\n<script type=\"application\/ld+json\" class=\"yoast-schema-graph\">{\"@context\":\"https:\/\/schema.org\",\"@graph\":[{\"@type\":[\"WebPage\",\"ItemPage\"],\"@id\":\"https:\/\/fat-dp.com\/angle-kit-for-toyota-supra-mk3-65-degrees\/\",\"url\":\"https:\/\/fat-dp.com\/angle-kit-for-toyota-supra-mk3-65-degrees\/\",\"name\":\"Angle kit for Toyota Supra MK3 65 degrees - fat-dp.com\",\"isPartOf\":{\"@id\":\"https:\/\/fat-dp.com\/#website\"},\"primaryImageOfPage\":{\"@id\":\"https:\/\/fat-dp.com\/angle-kit-for-toyota-supra-mk3-65-degrees\/#primaryimage\"},\"image\":{\"@id\":\"https:\/\/fat-dp.com\/angle-kit-for-toyota-supra-mk3-65-degrees\/#primaryimage\"},\"thumbnailUrl\":\"https:\/\/fat-dp.com\/wp-content\/uploads\/2025\/10\/angle-kit-for-toyota-supra-mk3-65-degrees.webp\",\"datePublished\":\"2021-10-27T11:03:06+00:00\",\"dateModified\":\"2026-01-22T12:32:02+00:00\",\"breadcrumb\":{\"@id\":\"https:\/\/fat-dp.com\/angle-kit-for-toyota-supra-mk3-65-degrees\/#breadcrumb\"},\"inLanguage\":\"pl-PL\",\"potentialAction\":[{\"@type\":\"ReadAction\",\"target\":[\"https:\/\/fat-dp.com\/angle-kit-for-toyota-supra-mk3-65-degrees\/\"]}]},{\"@type\":\"ImageObject\",\"inLanguage\":\"pl-PL\",\"@id\":\"https:\/\/fat-dp.com\/angle-kit-for-toyota-supra-mk3-65-degrees\/#primaryimage\",\"url\":\"https:\/\/fat-dp.com\/wp-content\/uploads\/2025\/10\/angle-kit-for-toyota-supra-mk3-65-degrees.webp\",\"contentUrl\":\"https:\/\/fat-dp.com\/wp-content\/uploads\/2025\/10\/angle-kit-for-toyota-supra-mk3-65-degrees.webp\",\"width\":1080,\"height\":1080},{\"@type\":\"BreadcrumbList\",\"@id\":\"https:\/\/fat-dp.com\/angle-kit-for-toyota-supra-mk3-65-degrees\/#breadcrumb\",\"itemListElement\":[{\"@type\":\"ListItem\",\"position\":1,\"name\":\"Strona g\u0142\u00f3wna\",\"item\":\"https:\/\/fat-dp.com\/\"},{\"@type\":\"ListItem\",\"position\":2,\"name\":\"Shop\",\"item\":\"https:\/\/fat-dp.com\/shop\/\"},{\"@type\":\"ListItem\",\"position\":3,\"name\":\"Angle kit for Toyota Supra MK3 65 degrees\"}]},{\"@type\":\"WebSite\",\"@id\":\"https:\/\/fat-dp.com\/#website\",\"url\":\"https:\/\/fat-dp.com\/\",\"name\":\"fat-dp.com\",\"description\":\"FAT DRIFT PERFORMANCE PARTS\",\"publisher\":{\"@id\":\"https:\/\/fat-dp.com\/#organization\"},\"potentialAction\":[{\"@type\":\"SearchAction\",\"target\":{\"@type\":\"EntryPoint\",\"urlTemplate\":\"https:\/\/fat-dp.com\/?s={search_term_string}\"},\"query-input\":{\"@type\":\"PropertyValueSpecification\",\"valueRequired\":true,\"valueName\":\"search_term_string\"}}],\"inLanguage\":\"pl-PL\"},{\"@type\":\"Organization\",\"@id\":\"https:\/\/fat-dp.com\/#organization\",\"name\":\"fat-dp.com\",\"url\":\"https:\/\/fat-dp.com\/\",\"logo\":{\"@type\":\"ImageObject\",\"inLanguage\":\"pl-PL\",\"@id\":\"https:\/\/fat-dp.com\/#\/schema\/logo\/image\/\",\"url\":\"https:\/\/fat-dp.com\/wp-content\/uploads\/2017\/02\/fat-dp-logo-www.png\",\"contentUrl\":\"https:\/\/fat-dp.com\/wp-content\/uploads\/2017\/02\/fat-dp-logo-www.png\",\"width\":926,\"height\":352,\"caption\":\"fat-dp.com\"},\"image\":{\"@id\":\"https:\/\/fat-dp.com\/#\/schema\/logo\/image\/\"}}]}<\/script>\n<meta property=\"product:price:amount\" content=\"1950.00\" \/>\n<meta property=\"product:price:currency\" content=\"EUR\" \/>\n<meta property=\"og:availability\" content=\"instock\" \/>\n<meta property=\"product:availability\" content=\"instock\" \/>\n<meta property=\"product:retailer_item_id\" content=\"FAT-AK-TOY-SUP3-65\" \/>\n<meta property=\"product:condition\" content=\"new\" \/>\n<!-- \/ Yoast SEO Premium plugin. -->","yoast_head_json":{"title":"Angle kit for Toyota Supra MK3 65 degrees - fat-dp.com","robots":{"index":"index","follow":"follow","max-snippet":"max-snippet:-1","max-image-preview":"max-image-preview:large","max-video-preview":"max-video-preview:-1"},"canonical":"https:\/\/fat-dp.com\/pl\/angle-kit-for-toyota-supra-mk3-65-degrees\/","og_locale":"pl_PL","og_type":"article","og_title":"Angle kit for Toyota Supra MK3 65 degrees","og_description":"Kit is fully adjustable: 1- adjustable ackermann 2- adjustable bumps (eccentric bushings) 3- adjustable camber 4- adjustable caster Kit include: -2 knuckles -2 lower arms...","og_url":"https:\/\/fat-dp.com\/pl\/angle-kit-for-toyota-supra-mk3-65-degrees\/","og_site_name":"fat-dp.com","article_modified_time":"2026-01-22T12:32:02+00:00","og_image":[{"width":1080,"height":1080,"url":"https:\/\/fat-dp.com\/wp-content\/uploads\/2025\/10\/angle-kit-for-toyota-supra-mk3-65-degrees.webp","type":"image\/webp"}],"twitter_card":"summary_large_image","twitter_misc":{"Cena":"&euro;1,950.00 incl. VAT \/ TAX","Dost\u0119pno\u015b\u0107":"Dost\u0119pny"},"schema":{"@context":"https:\/\/schema.org","@graph":[{"@type":["WebPage","ItemPage"],"@id":"https:\/\/fat-dp.com\/angle-kit-for-toyota-supra-mk3-65-degrees\/","url":"https:\/\/fat-dp.com\/angle-kit-for-toyota-supra-mk3-65-degrees\/","name":"Angle kit for Toyota Supra MK3 65 degrees - fat-dp.com","isPartOf":{"@id":"https:\/\/fat-dp.com\/#website"},"primaryImageOfPage":{"@id":"https:\/\/fat-dp.com\/angle-kit-for-toyota-supra-mk3-65-degrees\/#primaryimage"},"image":{"@id":"https:\/\/fat-dp.com\/angle-kit-for-toyota-supra-mk3-65-degrees\/#primaryimage"},"thumbnailUrl":"https:\/\/fat-dp.com\/wp-content\/uploads\/2025\/10\/angle-kit-for-toyota-supra-mk3-65-degrees.webp","datePublished":"2021-10-27T11:03:06+00:00","dateModified":"2026-01-22T12:32:02+00:00","breadcrumb":{"@id":"https:\/\/fat-dp.com\/angle-kit-for-toyota-supra-mk3-65-degrees\/#breadcrumb"},"inLanguage":"pl-PL","potentialAction":[{"@type":"ReadAction","target":["https:\/\/fat-dp.com\/angle-kit-for-toyota-supra-mk3-65-degrees\/"]}]},{"@type":"ImageObject","inLanguage":"pl-PL","@id":"https:\/\/fat-dp.com\/angle-kit-for-toyota-supra-mk3-65-degrees\/#primaryimage","url":"https:\/\/fat-dp.com\/wp-content\/uploads\/2025\/10\/angle-kit-for-toyota-supra-mk3-65-degrees.webp","contentUrl":"https:\/\/fat-dp.com\/wp-content\/uploads\/2025\/10\/angle-kit-for-toyota-supra-mk3-65-degrees.webp","width":1080,"height":1080},{"@type":"BreadcrumbList","@id":"https:\/\/fat-dp.com\/angle-kit-for-toyota-supra-mk3-65-degrees\/#breadcrumb","itemListElement":[{"@type":"ListItem","position":1,"name":"Strona g\u0142\u00f3wna","item":"https:\/\/fat-dp.com\/"},{"@type":"ListItem","position":2,"name":"Shop","item":"https:\/\/fat-dp.com\/shop\/"},{"@type":"ListItem","position":3,"name":"Angle kit for Toyota Supra MK3 65 degrees"}]},{"@type":"WebSite","@id":"https:\/\/fat-dp.com\/#website","url":"https:\/\/fat-dp.com\/","name":"fat-dp.com","description":"FAT DRIFT PERFORMANCE PARTS","publisher":{"@id":"https:\/\/fat-dp.com\/#organization"},"potentialAction":[{"@type":"SearchAction","target":{"@type":"EntryPoint","urlTemplate":"https:\/\/fat-dp.com\/?s={search_term_string}"},"query-input":{"@type":"PropertyValueSpecification","valueRequired":true,"valueName":"search_term_string"}}],"inLanguage":"pl-PL"},{"@type":"Organization","@id":"https:\/\/fat-dp.com\/#organization","name":"fat-dp.com","url":"https:\/\/fat-dp.com\/","logo":{"@type":"ImageObject","inLanguage":"pl-PL","@id":"https:\/\/fat-dp.com\/#\/schema\/logo\/image\/","url":"https:\/\/fat-dp.com\/wp-content\/uploads\/2017\/02\/fat-dp-logo-www.png","contentUrl":"https:\/\/fat-dp.com\/wp-content\/uploads\/2017\/02\/fat-dp-logo-www.png","width":926,"height":352,"caption":"fat-dp.com"},"image":{"@id":"https:\/\/fat-dp.com\/#\/schema\/logo\/image\/"}}]},"product_price_amount":"1950.00","product_price_currency":"EUR","og_availability":"instock","product_availability":"instock","product_retailer_item_id":"FAT-AK-TOY-SUP3-65","product_condition":"new"},"_links":{"self":[{"href":"https:\/\/fat-dp.com\/pl\/wp-json\/wp\/v2\/product\/1156","targetHints":{"allow":["GET"]}}],"collection":[{"href":"https:\/\/fat-dp.com\/pl\/wp-json\/wp\/v2\/product"}],"about":[{"href":"https:\/\/fat-dp.com\/pl\/wp-json\/wp\/v2\/types\/product"}],"replies":[{"embeddable":true,"href":"https:\/\/fat-dp.com\/pl\/wp-json\/wp\/v2\/comments?post=1156"}],"version-history":[{"count":2,"href":"https:\/\/fat-dp.com\/pl\/wp-json\/wp\/v2\/product\/1156\/revisions"}],"predecessor-version":[{"id":4517,"href":"https:\/\/fat-dp.com\/pl\/wp-json\/wp\/v2\/product\/1156\/revisions\/4517"}],"wp:featuredmedia":[{"embeddable":true,"href":"https:\/\/fat-dp.com\/pl\/wp-json\/wp\/v2\/media\/3707"}],"wp:attachment":[{"href":"https:\/\/fat-dp.com\/pl\/wp-json\/wp\/v2\/media?parent=1156"}],"wp:term":[{"taxonomy":"product_brand","embeddable":true,"href":"https:\/\/fat-dp.com\/pl\/wp-json\/wp\/v2\/product_brand?post=1156"},{"taxonomy":"product_cat","embeddable":true,"href":"https:\/\/fat-dp.com\/pl\/wp-json\/wp\/v2\/product_cat?post=1156"},{"taxonomy":"product_tag","embeddable":true,"href":"https:\/\/fat-dp.com\/pl\/wp-json\/wp\/v2\/product_tag?post=1156"}],"curies":[{"name":"wp","href":"https:\/\/api.w.org\/{rel}","templated":true}]}}