{"id":1416,"date":"2022-11-07T10:50:37","date_gmt":"2022-11-07T09:50:37","guid":{"rendered":"https:\/\/fat-dp.com\/?post_type=product&#038;p=1416"},"modified":"2026-01-22T12:29:21","modified_gmt":"2026-01-22T11:29:21","slug":"right-knuckle-for-200sx-ultra-kit-5x120-18","status":"publish","type":"product","link":"https:\/\/fat-dp.com\/pl\/right-knuckle-for-200sx-ultra-kit-5x120-18\/","title":{"rendered":"Prawa zwrotnica do zestawu 200SX Ultra Kit 5\u00d7120 18\u2033"},"content":{"rendered":"<p class=\"ai-optimize-21 ai-optimize-introduction\">Przednia prawa zwrotnica do 200SX Ultra Kit 5\u00d7120 pod ko\u0142a 18\u2033.<\/p>\n<p class=\"ai-optimize-22\">Zwrotnica dedykowana do u\u017cycia z piastami i hamulcami BMW E36\/E46.<\/p>\n<p class=\"ai-optimize-23\">Zwrotnica jest kompletna, zawiera wszystkie tuleje oraz ko\u0144c\u00f3wki dr\u0105\u017ck\u00f3w kierowniczych.<\/p>\n<p>&nbsp;<\/p>\n<p class=\"ai-optimize-24\">W przypadku braku w magazynie, czas oczekiwania wynosi 2 tygodnie.<\/p>","protected":false},"excerpt":{"rendered":"<p>Front right knuckle for 200SX ultra kit 5&#215;120 for 18&#8243; wheels. Knuckle dedicated to use E36\/E46 wheel hubs and brakes. Knuckle is complete, with all&#8230;<\/p>","protected":false},"featured_media":3733,"comment_status":"open","ping_status":"closed","template":"","meta":[],"product_brand":[],"product_cat":[130],"product_tag":[],"class_list":{"0":"post-1416","1":"product","2":"type-product","3":"status-publish","4":"has-post-thumbnail","6":"product_cat-parts_nissan","8":"first","9":"instock","10":"taxable","11":"shipping-taxable","12":"purchasable","13":"product-type-simple"},"etheme_brands":{"errors":{"invalid_taxonomy":["Nieprawid\u0142owa taksonomia."]},"error_data":[]},"yoast_head":"<!-- This site is optimized with the Yoast SEO Premium plugin v25.2 (Yoast SEO v25.2) - https:\/\/yoast.com\/wordpress\/plugins\/seo\/ -->\n<title>Right Knuckle for 200SX ultra kit 5x120 18&quot; - fat-dp.com<\/title>\n<meta name=\"robots\" content=\"index, follow, max-snippet:-1, max-image-preview:large, max-video-preview:-1\" \/>\n<link rel=\"canonical\" href=\"https:\/\/fat-dp.com\/pl\/right-knuckle-for-200sx-ultra-kit-5x120-18\/\" \/>\n<meta property=\"og:locale\" content=\"pl_PL\" \/>\n<meta property=\"og:type\" content=\"article\" \/>\n<meta property=\"og:title\" content=\"Right Knuckle for 200SX ultra kit 5x120 18&quot;\" \/>\n<meta property=\"og:description\" content=\"Front right knuckle for 200SX ultra kit 5&#215;120 for 18&#8243; wheels. Knuckle dedicated to use E36\/E46 wheel hubs and brakes. Knuckle is complete, with all...\" \/>\n<meta property=\"og:url\" content=\"https:\/\/fat-dp.com\/pl\/right-knuckle-for-200sx-ultra-kit-5x120-18\/\" \/>\n<meta property=\"og:site_name\" content=\"fat-dp.com\" \/>\n<meta property=\"article:modified_time\" content=\"2026-01-22T11:29:21+00:00\" \/>\n<meta property=\"og:image\" content=\"https:\/\/fat-dp.com\/wp-content\/uploads\/2025\/10\/right-knuckle-for-200sx-ultra-kit-5x120-18.webp\" \/>\n\t<meta property=\"og:image:width\" content=\"1080\" \/>\n\t<meta property=\"og:image:height\" content=\"1080\" \/>\n\t<meta property=\"og:image:type\" content=\"image\/webp\" \/>\n<meta name=\"twitter:card\" content=\"summary_large_image\" \/>\n<meta name=\"twitter:label1\" content=\"Cena\" \/>\n\t<meta name=\"twitter:data1\" content=\"&euro;250.00 incl. VAT \/ TAX\" \/>\n\t<meta name=\"twitter:label2\" content=\"Dost\u0119pno\u015b\u0107\" \/>\n\t<meta name=\"twitter:data2\" content=\"Dost\u0119pny\" \/>\n<script type=\"application\/ld+json\" class=\"yoast-schema-graph\">{\"@context\":\"https:\/\/schema.org\",\"@graph\":[{\"@type\":[\"WebPage\",\"ItemPage\"],\"@id\":\"https:\/\/fat-dp.com\/right-knuckle-for-200sx-ultra-kit-5x120-18\/\",\"url\":\"https:\/\/fat-dp.com\/right-knuckle-for-200sx-ultra-kit-5x120-18\/\",\"name\":\"Right Knuckle for 200SX ultra kit 5x120 18\\\" - fat-dp.com\",\"isPartOf\":{\"@id\":\"https:\/\/fat-dp.com\/#website\"},\"primaryImageOfPage\":{\"@id\":\"https:\/\/fat-dp.com\/right-knuckle-for-200sx-ultra-kit-5x120-18\/#primaryimage\"},\"image\":{\"@id\":\"https:\/\/fat-dp.com\/right-knuckle-for-200sx-ultra-kit-5x120-18\/#primaryimage\"},\"thumbnailUrl\":\"https:\/\/fat-dp.com\/wp-content\/uploads\/2025\/10\/right-knuckle-for-200sx-ultra-kit-5x120-18.webp\",\"datePublished\":\"2022-11-07T09:50:37+00:00\",\"dateModified\":\"2026-01-22T11:29:21+00:00\",\"breadcrumb\":{\"@id\":\"https:\/\/fat-dp.com\/right-knuckle-for-200sx-ultra-kit-5x120-18\/#breadcrumb\"},\"inLanguage\":\"pl-PL\",\"potentialAction\":[{\"@type\":\"ReadAction\",\"target\":[\"https:\/\/fat-dp.com\/right-knuckle-for-200sx-ultra-kit-5x120-18\/\"]}]},{\"@type\":\"ImageObject\",\"inLanguage\":\"pl-PL\",\"@id\":\"https:\/\/fat-dp.com\/right-knuckle-for-200sx-ultra-kit-5x120-18\/#primaryimage\",\"url\":\"https:\/\/fat-dp.com\/wp-content\/uploads\/2025\/10\/right-knuckle-for-200sx-ultra-kit-5x120-18.webp\",\"contentUrl\":\"https:\/\/fat-dp.com\/wp-content\/uploads\/2025\/10\/right-knuckle-for-200sx-ultra-kit-5x120-18.webp\",\"width\":1080,\"height\":1080},{\"@type\":\"BreadcrumbList\",\"@id\":\"https:\/\/fat-dp.com\/right-knuckle-for-200sx-ultra-kit-5x120-18\/#breadcrumb\",\"itemListElement\":[{\"@type\":\"ListItem\",\"position\":1,\"name\":\"Strona g\u0142\u00f3wna\",\"item\":\"https:\/\/fat-dp.com\/\"},{\"@type\":\"ListItem\",\"position\":2,\"name\":\"Shop\",\"item\":\"https:\/\/fat-dp.com\/shop\/\"},{\"@type\":\"ListItem\",\"position\":3,\"name\":\"Right Knuckle for 200SX ultra kit 5&#215;120 18&#8243;\"}]},{\"@type\":\"WebSite\",\"@id\":\"https:\/\/fat-dp.com\/#website\",\"url\":\"https:\/\/fat-dp.com\/\",\"name\":\"fat-dp.com\",\"description\":\"FAT DRIFT PERFORMANCE PARTS\",\"publisher\":{\"@id\":\"https:\/\/fat-dp.com\/#organization\"},\"potentialAction\":[{\"@type\":\"SearchAction\",\"target\":{\"@type\":\"EntryPoint\",\"urlTemplate\":\"https:\/\/fat-dp.com\/?s={search_term_string}\"},\"query-input\":{\"@type\":\"PropertyValueSpecification\",\"valueRequired\":true,\"valueName\":\"search_term_string\"}}],\"inLanguage\":\"pl-PL\"},{\"@type\":\"Organization\",\"@id\":\"https:\/\/fat-dp.com\/#organization\",\"name\":\"fat-dp.com\",\"url\":\"https:\/\/fat-dp.com\/\",\"logo\":{\"@type\":\"ImageObject\",\"inLanguage\":\"pl-PL\",\"@id\":\"https:\/\/fat-dp.com\/#\/schema\/logo\/image\/\",\"url\":\"https:\/\/fat-dp.com\/wp-content\/uploads\/2017\/02\/fat-dp-logo-www.png\",\"contentUrl\":\"https:\/\/fat-dp.com\/wp-content\/uploads\/2017\/02\/fat-dp-logo-www.png\",\"width\":926,\"height\":352,\"caption\":\"fat-dp.com\"},\"image\":{\"@id\":\"https:\/\/fat-dp.com\/#\/schema\/logo\/image\/\"}}]}<\/script>\n<meta property=\"product:price:amount\" content=\"250.00\" \/>\n<meta property=\"product:price:currency\" content=\"EUR\" \/>\n<meta property=\"og:availability\" content=\"instock\" \/>\n<meta property=\"product:availability\" content=\"instock\" \/>\n<meta property=\"product:retailer_item_id\" content=\"FAT-RK-NIS2SX512018\" \/>\n<meta property=\"product:condition\" content=\"new\" \/>\n<!-- \/ Yoast SEO Premium plugin. -->","yoast_head_json":{"title":"Right Knuckle for 200SX ultra kit 5x120 18\" - fat-dp.com","robots":{"index":"index","follow":"follow","max-snippet":"max-snippet:-1","max-image-preview":"max-image-preview:large","max-video-preview":"max-video-preview:-1"},"canonical":"https:\/\/fat-dp.com\/pl\/right-knuckle-for-200sx-ultra-kit-5x120-18\/","og_locale":"pl_PL","og_type":"article","og_title":"Right Knuckle for 200SX ultra kit 5x120 18\"","og_description":"Front right knuckle for 200SX ultra kit 5&#215;120 for 18&#8243; wheels. Knuckle dedicated to use E36\/E46 wheel hubs and brakes. Knuckle is complete, with all...","og_url":"https:\/\/fat-dp.com\/pl\/right-knuckle-for-200sx-ultra-kit-5x120-18\/","og_site_name":"fat-dp.com","article_modified_time":"2026-01-22T11:29:21+00:00","og_image":[{"width":1080,"height":1080,"url":"https:\/\/fat-dp.com\/wp-content\/uploads\/2025\/10\/right-knuckle-for-200sx-ultra-kit-5x120-18.webp","type":"image\/webp"}],"twitter_card":"summary_large_image","twitter_misc":{"Cena":"&euro;250.00 incl. VAT \/ TAX","Dost\u0119pno\u015b\u0107":"Dost\u0119pny"},"schema":{"@context":"https:\/\/schema.org","@graph":[{"@type":["WebPage","ItemPage"],"@id":"https:\/\/fat-dp.com\/right-knuckle-for-200sx-ultra-kit-5x120-18\/","url":"https:\/\/fat-dp.com\/right-knuckle-for-200sx-ultra-kit-5x120-18\/","name":"Right Knuckle for 200SX ultra kit 5x120 18\" - fat-dp.com","isPartOf":{"@id":"https:\/\/fat-dp.com\/#website"},"primaryImageOfPage":{"@id":"https:\/\/fat-dp.com\/right-knuckle-for-200sx-ultra-kit-5x120-18\/#primaryimage"},"image":{"@id":"https:\/\/fat-dp.com\/right-knuckle-for-200sx-ultra-kit-5x120-18\/#primaryimage"},"thumbnailUrl":"https:\/\/fat-dp.com\/wp-content\/uploads\/2025\/10\/right-knuckle-for-200sx-ultra-kit-5x120-18.webp","datePublished":"2022-11-07T09:50:37+00:00","dateModified":"2026-01-22T11:29:21+00:00","breadcrumb":{"@id":"https:\/\/fat-dp.com\/right-knuckle-for-200sx-ultra-kit-5x120-18\/#breadcrumb"},"inLanguage":"pl-PL","potentialAction":[{"@type":"ReadAction","target":["https:\/\/fat-dp.com\/right-knuckle-for-200sx-ultra-kit-5x120-18\/"]}]},{"@type":"ImageObject","inLanguage":"pl-PL","@id":"https:\/\/fat-dp.com\/right-knuckle-for-200sx-ultra-kit-5x120-18\/#primaryimage","url":"https:\/\/fat-dp.com\/wp-content\/uploads\/2025\/10\/right-knuckle-for-200sx-ultra-kit-5x120-18.webp","contentUrl":"https:\/\/fat-dp.com\/wp-content\/uploads\/2025\/10\/right-knuckle-for-200sx-ultra-kit-5x120-18.webp","width":1080,"height":1080},{"@type":"BreadcrumbList","@id":"https:\/\/fat-dp.com\/right-knuckle-for-200sx-ultra-kit-5x120-18\/#breadcrumb","itemListElement":[{"@type":"ListItem","position":1,"name":"Strona g\u0142\u00f3wna","item":"https:\/\/fat-dp.com\/"},{"@type":"ListItem","position":2,"name":"Shop","item":"https:\/\/fat-dp.com\/shop\/"},{"@type":"ListItem","position":3,"name":"Right Knuckle for 200SX ultra kit 5&#215;120 18&#8243;"}]},{"@type":"WebSite","@id":"https:\/\/fat-dp.com\/#website","url":"https:\/\/fat-dp.com\/","name":"fat-dp.com","description":"FAT DRIFT PERFORMANCE PARTS","publisher":{"@id":"https:\/\/fat-dp.com\/#organization"},"potentialAction":[{"@type":"SearchAction","target":{"@type":"EntryPoint","urlTemplate":"https:\/\/fat-dp.com\/?s={search_term_string}"},"query-input":{"@type":"PropertyValueSpecification","valueRequired":true,"valueName":"search_term_string"}}],"inLanguage":"pl-PL"},{"@type":"Organization","@id":"https:\/\/fat-dp.com\/#organization","name":"fat-dp.com","url":"https:\/\/fat-dp.com\/","logo":{"@type":"ImageObject","inLanguage":"pl-PL","@id":"https:\/\/fat-dp.com\/#\/schema\/logo\/image\/","url":"https:\/\/fat-dp.com\/wp-content\/uploads\/2017\/02\/fat-dp-logo-www.png","contentUrl":"https:\/\/fat-dp.com\/wp-content\/uploads\/2017\/02\/fat-dp-logo-www.png","width":926,"height":352,"caption":"fat-dp.com"},"image":{"@id":"https:\/\/fat-dp.com\/#\/schema\/logo\/image\/"}}]},"product_price_amount":"250.00","product_price_currency":"EUR","og_availability":"instock","product_availability":"instock","product_retailer_item_id":"FAT-RK-NIS2SX512018","product_condition":"new"},"_links":{"self":[{"href":"https:\/\/fat-dp.com\/pl\/wp-json\/wp\/v2\/product\/1416","targetHints":{"allow":["GET"]}}],"collection":[{"href":"https:\/\/fat-dp.com\/pl\/wp-json\/wp\/v2\/product"}],"about":[{"href":"https:\/\/fat-dp.com\/pl\/wp-json\/wp\/v2\/types\/product"}],"replies":[{"embeddable":true,"href":"https:\/\/fat-dp.com\/pl\/wp-json\/wp\/v2\/comments?post=1416"}],"version-history":[{"count":3,"href":"https:\/\/fat-dp.com\/pl\/wp-json\/wp\/v2\/product\/1416\/revisions"}],"predecessor-version":[{"id":3529,"href":"https:\/\/fat-dp.com\/pl\/wp-json\/wp\/v2\/product\/1416\/revisions\/3529"}],"wp:featuredmedia":[{"embeddable":true,"href":"https:\/\/fat-dp.com\/pl\/wp-json\/wp\/v2\/media\/3733"}],"wp:attachment":[{"href":"https:\/\/fat-dp.com\/pl\/wp-json\/wp\/v2\/media?parent=1416"}],"wp:term":[{"taxonomy":"product_brand","embeddable":true,"href":"https:\/\/fat-dp.com\/pl\/wp-json\/wp\/v2\/product_brand?post=1416"},{"taxonomy":"product_cat","embeddable":true,"href":"https:\/\/fat-dp.com\/pl\/wp-json\/wp\/v2\/product_cat?post=1416"},{"taxonomy":"product_tag","embeddable":true,"href":"https:\/\/fat-dp.com\/pl\/wp-json\/wp\/v2\/product_tag?post=1416"}],"curies":[{"name":"wp","href":"https:\/\/api.w.org\/{rel}","templated":true}]}}