{"id":1786,"date":"2023-10-26T13:31:12","date_gmt":"2023-10-26T11:31:12","guid":{"rendered":"https:\/\/fat-dp.com\/?post_type=product&#038;p=1786"},"modified":"2026-01-21T21:41:50","modified_gmt":"2026-01-21T20:41:50","slug":"subframe-for-lexus-is200-is300-lhd","status":"publish","type":"product","link":"https:\/\/fat-dp.com\/pl\/subframe-for-lexus-is200-is300-lhd\/","title":{"rendered":"Subframe do Lexusa IS200\/IS300 LHD"},"content":{"rendered":"<p>Subframe fo FAT angle kit for Lexus IS200\/IS300 LHD.<\/p>\n<p>Subframe has same dimmensions as stock subframe but with relocated steering rack mounts,<\/p>\n<p>It is necessary to gain bigger angle.<\/p>\n<p>Stock arms and engine mounts fits to this subframe.<\/p>\n<p>&nbsp;<\/p>","protected":false},"excerpt":{"rendered":"<p>Subframe fo FAT angle kit for Lexus IS200\/IS300 LHD. Subframe has same dimmensions as stock subframe but with relocated steering rack mounts, It is necessary&#8230;<\/p>","protected":false},"featured_media":3770,"comment_status":"open","ping_status":"closed","template":"","meta":[],"product_brand":[],"product_cat":[131],"product_tag":[],"class_list":{"0":"post-1786","1":"product","2":"type-product","3":"status-publish","4":"has-post-thumbnail","6":"product_cat-parts_toyota","8":"first","9":"instock","10":"taxable","11":"shipping-taxable","12":"purchasable","13":"product-type-simple"},"etheme_brands":{"errors":{"invalid_taxonomy":["Nieprawid\u0142owa taksonomia."]},"error_data":[]},"yoast_head":"<!-- This site is optimized with the Yoast SEO Premium plugin v25.2 (Yoast SEO v25.2) - https:\/\/yoast.com\/wordpress\/plugins\/seo\/ -->\n<title>Subframe for Lexus IS200\/IS300 LHD - fat-dp.com<\/title>\n<meta name=\"robots\" content=\"index, follow, max-snippet:-1, max-image-preview:large, max-video-preview:-1\" \/>\n<link rel=\"canonical\" href=\"https:\/\/fat-dp.com\/pl\/subframe-for-lexus-is200-is300-lhd\/\" \/>\n<meta property=\"og:locale\" content=\"pl_PL\" \/>\n<meta property=\"og:type\" content=\"article\" \/>\n<meta property=\"og:title\" content=\"Subframe for Lexus IS200\/IS300 LHD\" \/>\n<meta property=\"og:description\" content=\"Subframe fo FAT angle kit for Lexus IS200\/IS300 LHD. Subframe has same dimmensions as stock subframe but with relocated steering rack mounts, It is necessary...\" \/>\n<meta property=\"og:url\" content=\"https:\/\/fat-dp.com\/pl\/subframe-for-lexus-is200-is300-lhd\/\" \/>\n<meta property=\"og:site_name\" content=\"fat-dp.com\" \/>\n<meta property=\"article:modified_time\" content=\"2026-01-21T20:41:50+00:00\" \/>\n<meta property=\"og:image\" content=\"https:\/\/fat-dp.com\/wp-content\/uploads\/2025\/10\/subframe-for-lexus-is200is300-lhd.webp\" \/>\n\t<meta property=\"og:image:width\" content=\"1080\" \/>\n\t<meta property=\"og:image:height\" content=\"1080\" \/>\n\t<meta property=\"og:image:type\" content=\"image\/webp\" \/>\n<meta name=\"twitter:card\" content=\"summary_large_image\" \/>\n<meta name=\"twitter:label1\" content=\"Cena\" \/>\n\t<meta name=\"twitter:data1\" content=\"&euro;330.00 incl. VAT \/ TAX\" \/>\n\t<meta name=\"twitter:label2\" content=\"Dost\u0119pno\u015b\u0107\" \/>\n\t<meta name=\"twitter:data2\" content=\"Dost\u0119pny\" \/>\n<script type=\"application\/ld+json\" class=\"yoast-schema-graph\">{\"@context\":\"https:\/\/schema.org\",\"@graph\":[{\"@type\":[\"WebPage\",\"ItemPage\"],\"@id\":\"https:\/\/fat-dp.com\/subframe-for-lexus-is200-is300-lhd\/\",\"url\":\"https:\/\/fat-dp.com\/subframe-for-lexus-is200-is300-lhd\/\",\"name\":\"Subframe for Lexus IS200\/IS300 LHD - fat-dp.com\",\"isPartOf\":{\"@id\":\"https:\/\/fat-dp.com\/#website\"},\"primaryImageOfPage\":{\"@id\":\"https:\/\/fat-dp.com\/subframe-for-lexus-is200-is300-lhd\/#primaryimage\"},\"image\":{\"@id\":\"https:\/\/fat-dp.com\/subframe-for-lexus-is200-is300-lhd\/#primaryimage\"},\"thumbnailUrl\":\"https:\/\/fat-dp.com\/wp-content\/uploads\/2025\/10\/subframe-for-lexus-is200is300-lhd.webp\",\"datePublished\":\"2023-10-26T11:31:12+00:00\",\"dateModified\":\"2026-01-21T20:41:50+00:00\",\"breadcrumb\":{\"@id\":\"https:\/\/fat-dp.com\/subframe-for-lexus-is200-is300-lhd\/#breadcrumb\"},\"inLanguage\":\"pl-PL\",\"potentialAction\":[{\"@type\":\"ReadAction\",\"target\":[\"https:\/\/fat-dp.com\/subframe-for-lexus-is200-is300-lhd\/\"]}]},{\"@type\":\"ImageObject\",\"inLanguage\":\"pl-PL\",\"@id\":\"https:\/\/fat-dp.com\/subframe-for-lexus-is200-is300-lhd\/#primaryimage\",\"url\":\"https:\/\/fat-dp.com\/wp-content\/uploads\/2025\/10\/subframe-for-lexus-is200is300-lhd.webp\",\"contentUrl\":\"https:\/\/fat-dp.com\/wp-content\/uploads\/2025\/10\/subframe-for-lexus-is200is300-lhd.webp\",\"width\":1080,\"height\":1080},{\"@type\":\"BreadcrumbList\",\"@id\":\"https:\/\/fat-dp.com\/subframe-for-lexus-is200-is300-lhd\/#breadcrumb\",\"itemListElement\":[{\"@type\":\"ListItem\",\"position\":1,\"name\":\"Strona g\u0142\u00f3wna\",\"item\":\"https:\/\/fat-dp.com\/\"},{\"@type\":\"ListItem\",\"position\":2,\"name\":\"Shop\",\"item\":\"https:\/\/fat-dp.com\/shop\/\"},{\"@type\":\"ListItem\",\"position\":3,\"name\":\"Subframe for Lexus IS200\/IS300 LHD\"}]},{\"@type\":\"WebSite\",\"@id\":\"https:\/\/fat-dp.com\/#website\",\"url\":\"https:\/\/fat-dp.com\/\",\"name\":\"fat-dp.com\",\"description\":\"FAT DRIFT PERFORMANCE PARTS\",\"publisher\":{\"@id\":\"https:\/\/fat-dp.com\/#organization\"},\"potentialAction\":[{\"@type\":\"SearchAction\",\"target\":{\"@type\":\"EntryPoint\",\"urlTemplate\":\"https:\/\/fat-dp.com\/?s={search_term_string}\"},\"query-input\":{\"@type\":\"PropertyValueSpecification\",\"valueRequired\":true,\"valueName\":\"search_term_string\"}}],\"inLanguage\":\"pl-PL\"},{\"@type\":\"Organization\",\"@id\":\"https:\/\/fat-dp.com\/#organization\",\"name\":\"fat-dp.com\",\"url\":\"https:\/\/fat-dp.com\/\",\"logo\":{\"@type\":\"ImageObject\",\"inLanguage\":\"pl-PL\",\"@id\":\"https:\/\/fat-dp.com\/#\/schema\/logo\/image\/\",\"url\":\"https:\/\/fat-dp.com\/wp-content\/uploads\/2017\/02\/fat-dp-logo-www.png\",\"contentUrl\":\"https:\/\/fat-dp.com\/wp-content\/uploads\/2017\/02\/fat-dp-logo-www.png\",\"width\":926,\"height\":352,\"caption\":\"fat-dp.com\"},\"image\":{\"@id\":\"https:\/\/fat-dp.com\/#\/schema\/logo\/image\/\"}}]}<\/script>\n<meta property=\"product:price:amount\" content=\"330.00\" \/>\n<meta property=\"product:price:currency\" content=\"EUR\" \/>\n<meta property=\"og:availability\" content=\"instock\" \/>\n<meta property=\"product:availability\" content=\"instock\" \/>\n<meta property=\"product:retailer_item_id\" content=\"FAT-SF-LEXISLHD\" \/>\n<meta property=\"product:condition\" content=\"new\" \/>\n<!-- \/ Yoast SEO Premium plugin. -->","yoast_head_json":{"title":"Subframe for Lexus IS200\/IS300 LHD - fat-dp.com","robots":{"index":"index","follow":"follow","max-snippet":"max-snippet:-1","max-image-preview":"max-image-preview:large","max-video-preview":"max-video-preview:-1"},"canonical":"https:\/\/fat-dp.com\/pl\/subframe-for-lexus-is200-is300-lhd\/","og_locale":"pl_PL","og_type":"article","og_title":"Subframe for Lexus IS200\/IS300 LHD","og_description":"Subframe fo FAT angle kit for Lexus IS200\/IS300 LHD. Subframe has same dimmensions as stock subframe but with relocated steering rack mounts, It is necessary...","og_url":"https:\/\/fat-dp.com\/pl\/subframe-for-lexus-is200-is300-lhd\/","og_site_name":"fat-dp.com","article_modified_time":"2026-01-21T20:41:50+00:00","og_image":[{"width":1080,"height":1080,"url":"https:\/\/fat-dp.com\/wp-content\/uploads\/2025\/10\/subframe-for-lexus-is200is300-lhd.webp","type":"image\/webp"}],"twitter_card":"summary_large_image","twitter_misc":{"Cena":"&euro;330.00 incl. VAT \/ TAX","Dost\u0119pno\u015b\u0107":"Dost\u0119pny"},"schema":{"@context":"https:\/\/schema.org","@graph":[{"@type":["WebPage","ItemPage"],"@id":"https:\/\/fat-dp.com\/subframe-for-lexus-is200-is300-lhd\/","url":"https:\/\/fat-dp.com\/subframe-for-lexus-is200-is300-lhd\/","name":"Subframe for Lexus IS200\/IS300 LHD - fat-dp.com","isPartOf":{"@id":"https:\/\/fat-dp.com\/#website"},"primaryImageOfPage":{"@id":"https:\/\/fat-dp.com\/subframe-for-lexus-is200-is300-lhd\/#primaryimage"},"image":{"@id":"https:\/\/fat-dp.com\/subframe-for-lexus-is200-is300-lhd\/#primaryimage"},"thumbnailUrl":"https:\/\/fat-dp.com\/wp-content\/uploads\/2025\/10\/subframe-for-lexus-is200is300-lhd.webp","datePublished":"2023-10-26T11:31:12+00:00","dateModified":"2026-01-21T20:41:50+00:00","breadcrumb":{"@id":"https:\/\/fat-dp.com\/subframe-for-lexus-is200-is300-lhd\/#breadcrumb"},"inLanguage":"pl-PL","potentialAction":[{"@type":"ReadAction","target":["https:\/\/fat-dp.com\/subframe-for-lexus-is200-is300-lhd\/"]}]},{"@type":"ImageObject","inLanguage":"pl-PL","@id":"https:\/\/fat-dp.com\/subframe-for-lexus-is200-is300-lhd\/#primaryimage","url":"https:\/\/fat-dp.com\/wp-content\/uploads\/2025\/10\/subframe-for-lexus-is200is300-lhd.webp","contentUrl":"https:\/\/fat-dp.com\/wp-content\/uploads\/2025\/10\/subframe-for-lexus-is200is300-lhd.webp","width":1080,"height":1080},{"@type":"BreadcrumbList","@id":"https:\/\/fat-dp.com\/subframe-for-lexus-is200-is300-lhd\/#breadcrumb","itemListElement":[{"@type":"ListItem","position":1,"name":"Strona g\u0142\u00f3wna","item":"https:\/\/fat-dp.com\/"},{"@type":"ListItem","position":2,"name":"Shop","item":"https:\/\/fat-dp.com\/shop\/"},{"@type":"ListItem","position":3,"name":"Subframe for Lexus IS200\/IS300 LHD"}]},{"@type":"WebSite","@id":"https:\/\/fat-dp.com\/#website","url":"https:\/\/fat-dp.com\/","name":"fat-dp.com","description":"FAT DRIFT PERFORMANCE PARTS","publisher":{"@id":"https:\/\/fat-dp.com\/#organization"},"potentialAction":[{"@type":"SearchAction","target":{"@type":"EntryPoint","urlTemplate":"https:\/\/fat-dp.com\/?s={search_term_string}"},"query-input":{"@type":"PropertyValueSpecification","valueRequired":true,"valueName":"search_term_string"}}],"inLanguage":"pl-PL"},{"@type":"Organization","@id":"https:\/\/fat-dp.com\/#organization","name":"fat-dp.com","url":"https:\/\/fat-dp.com\/","logo":{"@type":"ImageObject","inLanguage":"pl-PL","@id":"https:\/\/fat-dp.com\/#\/schema\/logo\/image\/","url":"https:\/\/fat-dp.com\/wp-content\/uploads\/2017\/02\/fat-dp-logo-www.png","contentUrl":"https:\/\/fat-dp.com\/wp-content\/uploads\/2017\/02\/fat-dp-logo-www.png","width":926,"height":352,"caption":"fat-dp.com"},"image":{"@id":"https:\/\/fat-dp.com\/#\/schema\/logo\/image\/"}}]},"product_price_amount":"330.00","product_price_currency":"EUR","og_availability":"instock","product_availability":"instock","product_retailer_item_id":"FAT-SF-LEXISLHD","product_condition":"new"},"_links":{"self":[{"href":"https:\/\/fat-dp.com\/pl\/wp-json\/wp\/v2\/product\/1786","targetHints":{"allow":["GET"]}}],"collection":[{"href":"https:\/\/fat-dp.com\/pl\/wp-json\/wp\/v2\/product"}],"about":[{"href":"https:\/\/fat-dp.com\/pl\/wp-json\/wp\/v2\/types\/product"}],"replies":[{"embeddable":true,"href":"https:\/\/fat-dp.com\/pl\/wp-json\/wp\/v2\/comments?post=1786"}],"version-history":[{"count":1,"href":"https:\/\/fat-dp.com\/pl\/wp-json\/wp\/v2\/product\/1786\/revisions"}],"predecessor-version":[{"id":3206,"href":"https:\/\/fat-dp.com\/pl\/wp-json\/wp\/v2\/product\/1786\/revisions\/3206"}],"wp:featuredmedia":[{"embeddable":true,"href":"https:\/\/fat-dp.com\/pl\/wp-json\/wp\/v2\/media\/3770"}],"wp:attachment":[{"href":"https:\/\/fat-dp.com\/pl\/wp-json\/wp\/v2\/media?parent=1786"}],"wp:term":[{"taxonomy":"product_brand","embeddable":true,"href":"https:\/\/fat-dp.com\/pl\/wp-json\/wp\/v2\/product_brand?post=1786"},{"taxonomy":"product_cat","embeddable":true,"href":"https:\/\/fat-dp.com\/pl\/wp-json\/wp\/v2\/product_cat?post=1786"},{"taxonomy":"product_tag","embeddable":true,"href":"https:\/\/fat-dp.com\/pl\/wp-json\/wp\/v2\/product_tag?post=1786"}],"curies":[{"name":"wp","href":"https:\/\/api.w.org\/{rel}","templated":true}]}}