{"id":3145,"date":"2025-06-26T11:34:46","date_gmt":"2025-06-26T09:34:46","guid":{"rendered":"https:\/\/fat-dp.com\/?post_type=product&#038;p=3145"},"modified":"2026-01-25T12:15:49","modified_gmt":"2026-01-25T11:15:49","slug":"rear-adjustable-toe-arms-is200mk1-is300mk1-gs300mk2","status":"publish","type":"product","link":"https:\/\/fat-dp.com\/pl\/rear-adjustable-toe-arms-is200mk1-is300mk1-gs300mk2\/","title":{"rendered":"Tylne regulowane ramiona toe do IS200 MK1, IS300 MK1, GS300 MK2"},"content":{"rendered":"<p class=\"ai-optimize-27 ai-optimize-introduction\">Tylne, regulowane wahacze do tylnego seryjnego zawieszenia.<br \/>\nWahacze pasuj\u0105 p&amp;p zamiast seryjnych wahaczy zawieszenia.<br \/>\nDzi\u0119ki tym ramionom ustawienie zbie\u017cno\u015bci tylnych k\u00f3\u0142 jest bardzo proste.<\/p>\n<p>&nbsp;<\/p>\n<p class=\"ai-optimize-28\">W przypadku braku w magazynie, czas oczekiwania na zestaw wynosi 4 tygodnie.<\/p>","protected":false},"excerpt":{"rendered":"<p>Rear adjustable arms for rear stock suspension. Arms fit p&amp;p instead of stock suspension arms. With these arms setting the toe of rear wheels is&#8230;<\/p>","protected":false},"featured_media":3781,"comment_status":"open","ping_status":"closed","template":"","meta":[],"product_brand":[],"product_cat":[90,93,89],"product_tag":[],"class_list":{"0":"post-3145","1":"product","2":"type-product","3":"status-publish","4":"has-post-thumbnail","6":"product_cat-gs300-mk2","7":"product_cat-is200-jzx110","8":"product_cat-toyota-lexus","10":"first","11":"instock","12":"taxable","13":"shipping-taxable","14":"purchasable","15":"product-type-simple"},"etheme_brands":{"errors":{"invalid_taxonomy":["Nieprawid\u0142owa taksonomia."]},"error_data":[]},"yoast_head":"<!-- This site is optimized with the Yoast SEO Premium plugin v25.2 (Yoast SEO v25.2) - https:\/\/yoast.com\/wordpress\/plugins\/seo\/ -->\n<title>Rear Adjustable Toe Arms IS200MK1, IS300MK1, GS300MK2 - fat-dp.com<\/title>\n<meta name=\"robots\" content=\"index, follow, max-snippet:-1, max-image-preview:large, max-video-preview:-1\" \/>\n<link rel=\"canonical\" href=\"https:\/\/fat-dp.com\/pl\/rear-adjustable-toe-arms-is200mk1-is300mk1-gs300mk2\/\" \/>\n<meta property=\"og:locale\" content=\"pl_PL\" \/>\n<meta property=\"og:type\" content=\"article\" \/>\n<meta property=\"og:title\" content=\"Rear Adjustable Toe Arms IS200MK1, IS300MK1, GS300MK2\" \/>\n<meta property=\"og:description\" content=\"Rear adjustable arms for rear stock suspension. Arms fit p&amp;p instead of stock suspension arms. With these arms setting the toe of rear wheels is...\" \/>\n<meta property=\"og:url\" content=\"https:\/\/fat-dp.com\/pl\/rear-adjustable-toe-arms-is200mk1-is300mk1-gs300mk2\/\" \/>\n<meta property=\"og:site_name\" content=\"fat-dp.com\" \/>\n<meta property=\"article:modified_time\" content=\"2026-01-25T11:15:49+00:00\" \/>\n<meta property=\"og:image\" content=\"https:\/\/fat-dp.com\/wp-content\/uploads\/2025\/10\/rear-adjustable-toe-arms-is200mk1-is300mk1-gs300mk2.webp\" \/>\n\t<meta property=\"og:image:width\" content=\"1080\" \/>\n\t<meta property=\"og:image:height\" content=\"1080\" \/>\n\t<meta property=\"og:image:type\" content=\"image\/webp\" \/>\n<meta name=\"twitter:card\" content=\"summary_large_image\" \/>\n<meta name=\"twitter:label1\" content=\"Cena\" \/>\n\t<meta name=\"twitter:data1\" content=\"&euro;260.00 incl. VAT \/ TAX\" \/>\n\t<meta name=\"twitter:label2\" content=\"Dost\u0119pno\u015b\u0107\" \/>\n\t<meta name=\"twitter:data2\" content=\"Dost\u0119pny\" \/>\n<script type=\"application\/ld+json\" class=\"yoast-schema-graph\">{\"@context\":\"https:\/\/schema.org\",\"@graph\":[{\"@type\":[\"WebPage\",\"ItemPage\"],\"@id\":\"https:\/\/fat-dp.com\/rear-adjustable-toe-arms-is200mk1-is300mk1-gs300mk2\/\",\"url\":\"https:\/\/fat-dp.com\/rear-adjustable-toe-arms-is200mk1-is300mk1-gs300mk2\/\",\"name\":\"Rear Adjustable Toe Arms IS200MK1, IS300MK1, GS300MK2 - fat-dp.com\",\"isPartOf\":{\"@id\":\"https:\/\/fat-dp.com\/#website\"},\"primaryImageOfPage\":{\"@id\":\"https:\/\/fat-dp.com\/rear-adjustable-toe-arms-is200mk1-is300mk1-gs300mk2\/#primaryimage\"},\"image\":{\"@id\":\"https:\/\/fat-dp.com\/rear-adjustable-toe-arms-is200mk1-is300mk1-gs300mk2\/#primaryimage\"},\"thumbnailUrl\":\"https:\/\/fat-dp.com\/wp-content\/uploads\/2025\/10\/rear-adjustable-toe-arms-is200mk1-is300mk1-gs300mk2.webp\",\"datePublished\":\"2025-06-26T09:34:46+00:00\",\"dateModified\":\"2026-01-25T11:15:49+00:00\",\"breadcrumb\":{\"@id\":\"https:\/\/fat-dp.com\/rear-adjustable-toe-arms-is200mk1-is300mk1-gs300mk2\/#breadcrumb\"},\"inLanguage\":\"pl-PL\",\"potentialAction\":[{\"@type\":\"ReadAction\",\"target\":[\"https:\/\/fat-dp.com\/rear-adjustable-toe-arms-is200mk1-is300mk1-gs300mk2\/\"]}]},{\"@type\":\"ImageObject\",\"inLanguage\":\"pl-PL\",\"@id\":\"https:\/\/fat-dp.com\/rear-adjustable-toe-arms-is200mk1-is300mk1-gs300mk2\/#primaryimage\",\"url\":\"https:\/\/fat-dp.com\/wp-content\/uploads\/2025\/10\/rear-adjustable-toe-arms-is200mk1-is300mk1-gs300mk2.webp\",\"contentUrl\":\"https:\/\/fat-dp.com\/wp-content\/uploads\/2025\/10\/rear-adjustable-toe-arms-is200mk1-is300mk1-gs300mk2.webp\",\"width\":1080,\"height\":1080},{\"@type\":\"BreadcrumbList\",\"@id\":\"https:\/\/fat-dp.com\/rear-adjustable-toe-arms-is200mk1-is300mk1-gs300mk2\/#breadcrumb\",\"itemListElement\":[{\"@type\":\"ListItem\",\"position\":1,\"name\":\"Strona g\u0142\u00f3wna\",\"item\":\"https:\/\/fat-dp.com\/\"},{\"@type\":\"ListItem\",\"position\":2,\"name\":\"Shop\",\"item\":\"https:\/\/fat-dp.com\/shop\/\"},{\"@type\":\"ListItem\",\"position\":3,\"name\":\"Rear Adjustable Toe Arms IS200MK1, IS300MK1, GS300MK2\"}]},{\"@type\":\"WebSite\",\"@id\":\"https:\/\/fat-dp.com\/#website\",\"url\":\"https:\/\/fat-dp.com\/\",\"name\":\"fat-dp.com\",\"description\":\"FAT DRIFT PERFORMANCE PARTS\",\"publisher\":{\"@id\":\"https:\/\/fat-dp.com\/#organization\"},\"potentialAction\":[{\"@type\":\"SearchAction\",\"target\":{\"@type\":\"EntryPoint\",\"urlTemplate\":\"https:\/\/fat-dp.com\/?s={search_term_string}\"},\"query-input\":{\"@type\":\"PropertyValueSpecification\",\"valueRequired\":true,\"valueName\":\"search_term_string\"}}],\"inLanguage\":\"pl-PL\"},{\"@type\":\"Organization\",\"@id\":\"https:\/\/fat-dp.com\/#organization\",\"name\":\"fat-dp.com\",\"url\":\"https:\/\/fat-dp.com\/\",\"logo\":{\"@type\":\"ImageObject\",\"inLanguage\":\"pl-PL\",\"@id\":\"https:\/\/fat-dp.com\/#\/schema\/logo\/image\/\",\"url\":\"https:\/\/fat-dp.com\/wp-content\/uploads\/2017\/02\/fat-dp-logo-www.png\",\"contentUrl\":\"https:\/\/fat-dp.com\/wp-content\/uploads\/2017\/02\/fat-dp-logo-www.png\",\"width\":926,\"height\":352,\"caption\":\"fat-dp.com\"},\"image\":{\"@id\":\"https:\/\/fat-dp.com\/#\/schema\/logo\/image\/\"}}]}<\/script>\n<meta property=\"product:price:amount\" content=\"260.00\" \/>\n<meta property=\"product:price:currency\" content=\"EUR\" \/>\n<meta property=\"og:availability\" content=\"instock\" \/>\n<meta property=\"product:availability\" content=\"instock\" \/>\n<meta property=\"product:retailer_item_id\" content=\"FAT-RTA-LEXISISGS\" \/>\n<meta property=\"product:condition\" content=\"new\" \/>\n<!-- \/ Yoast SEO Premium plugin. -->","yoast_head_json":{"title":"Rear Adjustable Toe Arms IS200MK1, IS300MK1, GS300MK2 - fat-dp.com","robots":{"index":"index","follow":"follow","max-snippet":"max-snippet:-1","max-image-preview":"max-image-preview:large","max-video-preview":"max-video-preview:-1"},"canonical":"https:\/\/fat-dp.com\/pl\/rear-adjustable-toe-arms-is200mk1-is300mk1-gs300mk2\/","og_locale":"pl_PL","og_type":"article","og_title":"Rear Adjustable Toe Arms IS200MK1, IS300MK1, GS300MK2","og_description":"Rear adjustable arms for rear stock suspension. Arms fit p&amp;p instead of stock suspension arms. With these arms setting the toe of rear wheels is...","og_url":"https:\/\/fat-dp.com\/pl\/rear-adjustable-toe-arms-is200mk1-is300mk1-gs300mk2\/","og_site_name":"fat-dp.com","article_modified_time":"2026-01-25T11:15:49+00:00","og_image":[{"width":1080,"height":1080,"url":"https:\/\/fat-dp.com\/wp-content\/uploads\/2025\/10\/rear-adjustable-toe-arms-is200mk1-is300mk1-gs300mk2.webp","type":"image\/webp"}],"twitter_card":"summary_large_image","twitter_misc":{"Cena":"&euro;260.00 incl. VAT \/ TAX","Dost\u0119pno\u015b\u0107":"Dost\u0119pny"},"schema":{"@context":"https:\/\/schema.org","@graph":[{"@type":["WebPage","ItemPage"],"@id":"https:\/\/fat-dp.com\/rear-adjustable-toe-arms-is200mk1-is300mk1-gs300mk2\/","url":"https:\/\/fat-dp.com\/rear-adjustable-toe-arms-is200mk1-is300mk1-gs300mk2\/","name":"Rear Adjustable Toe Arms IS200MK1, IS300MK1, GS300MK2 - fat-dp.com","isPartOf":{"@id":"https:\/\/fat-dp.com\/#website"},"primaryImageOfPage":{"@id":"https:\/\/fat-dp.com\/rear-adjustable-toe-arms-is200mk1-is300mk1-gs300mk2\/#primaryimage"},"image":{"@id":"https:\/\/fat-dp.com\/rear-adjustable-toe-arms-is200mk1-is300mk1-gs300mk2\/#primaryimage"},"thumbnailUrl":"https:\/\/fat-dp.com\/wp-content\/uploads\/2025\/10\/rear-adjustable-toe-arms-is200mk1-is300mk1-gs300mk2.webp","datePublished":"2025-06-26T09:34:46+00:00","dateModified":"2026-01-25T11:15:49+00:00","breadcrumb":{"@id":"https:\/\/fat-dp.com\/rear-adjustable-toe-arms-is200mk1-is300mk1-gs300mk2\/#breadcrumb"},"inLanguage":"pl-PL","potentialAction":[{"@type":"ReadAction","target":["https:\/\/fat-dp.com\/rear-adjustable-toe-arms-is200mk1-is300mk1-gs300mk2\/"]}]},{"@type":"ImageObject","inLanguage":"pl-PL","@id":"https:\/\/fat-dp.com\/rear-adjustable-toe-arms-is200mk1-is300mk1-gs300mk2\/#primaryimage","url":"https:\/\/fat-dp.com\/wp-content\/uploads\/2025\/10\/rear-adjustable-toe-arms-is200mk1-is300mk1-gs300mk2.webp","contentUrl":"https:\/\/fat-dp.com\/wp-content\/uploads\/2025\/10\/rear-adjustable-toe-arms-is200mk1-is300mk1-gs300mk2.webp","width":1080,"height":1080},{"@type":"BreadcrumbList","@id":"https:\/\/fat-dp.com\/rear-adjustable-toe-arms-is200mk1-is300mk1-gs300mk2\/#breadcrumb","itemListElement":[{"@type":"ListItem","position":1,"name":"Strona g\u0142\u00f3wna","item":"https:\/\/fat-dp.com\/"},{"@type":"ListItem","position":2,"name":"Shop","item":"https:\/\/fat-dp.com\/shop\/"},{"@type":"ListItem","position":3,"name":"Rear Adjustable Toe Arms IS200MK1, IS300MK1, GS300MK2"}]},{"@type":"WebSite","@id":"https:\/\/fat-dp.com\/#website","url":"https:\/\/fat-dp.com\/","name":"fat-dp.com","description":"FAT DRIFT PERFORMANCE PARTS","publisher":{"@id":"https:\/\/fat-dp.com\/#organization"},"potentialAction":[{"@type":"SearchAction","target":{"@type":"EntryPoint","urlTemplate":"https:\/\/fat-dp.com\/?s={search_term_string}"},"query-input":{"@type":"PropertyValueSpecification","valueRequired":true,"valueName":"search_term_string"}}],"inLanguage":"pl-PL"},{"@type":"Organization","@id":"https:\/\/fat-dp.com\/#organization","name":"fat-dp.com","url":"https:\/\/fat-dp.com\/","logo":{"@type":"ImageObject","inLanguage":"pl-PL","@id":"https:\/\/fat-dp.com\/#\/schema\/logo\/image\/","url":"https:\/\/fat-dp.com\/wp-content\/uploads\/2017\/02\/fat-dp-logo-www.png","contentUrl":"https:\/\/fat-dp.com\/wp-content\/uploads\/2017\/02\/fat-dp-logo-www.png","width":926,"height":352,"caption":"fat-dp.com"},"image":{"@id":"https:\/\/fat-dp.com\/#\/schema\/logo\/image\/"}}]},"product_price_amount":"260.00","product_price_currency":"EUR","og_availability":"instock","product_availability":"instock","product_retailer_item_id":"FAT-RTA-LEXISISGS","product_condition":"new"},"_links":{"self":[{"href":"https:\/\/fat-dp.com\/pl\/wp-json\/wp\/v2\/product\/3145","targetHints":{"allow":["GET"]}}],"collection":[{"href":"https:\/\/fat-dp.com\/pl\/wp-json\/wp\/v2\/product"}],"about":[{"href":"https:\/\/fat-dp.com\/pl\/wp-json\/wp\/v2\/types\/product"}],"replies":[{"embeddable":true,"href":"https:\/\/fat-dp.com\/pl\/wp-json\/wp\/v2\/comments?post=3145"}],"version-history":[{"count":1,"href":"https:\/\/fat-dp.com\/pl\/wp-json\/wp\/v2\/product\/3145\/revisions"}],"predecessor-version":[{"id":3149,"href":"https:\/\/fat-dp.com\/pl\/wp-json\/wp\/v2\/product\/3145\/revisions\/3149"}],"wp:featuredmedia":[{"embeddable":true,"href":"https:\/\/fat-dp.com\/pl\/wp-json\/wp\/v2\/media\/3781"}],"wp:attachment":[{"href":"https:\/\/fat-dp.com\/pl\/wp-json\/wp\/v2\/media?parent=3145"}],"wp:term":[{"taxonomy":"product_brand","embeddable":true,"href":"https:\/\/fat-dp.com\/pl\/wp-json\/wp\/v2\/product_brand?post=3145"},{"taxonomy":"product_cat","embeddable":true,"href":"https:\/\/fat-dp.com\/pl\/wp-json\/wp\/v2\/product_cat?post=3145"},{"taxonomy":"product_tag","embeddable":true,"href":"https:\/\/fat-dp.com\/pl\/wp-json\/wp\/v2\/product_tag?post=3145"}],"curies":[{"name":"wp","href":"https:\/\/api.w.org\/{rel}","templated":true}]}}