{"id":5211,"date":"2026-02-10T16:33:10","date_gmt":"2026-02-10T15:33:10","guid":{"rendered":"https:\/\/fat-dp.com\/?post_type=product&#038;p=5211"},"modified":"2026-02-11T06:23:42","modified_gmt":"2026-02-11T05:23:42","slug":"reverse-billet-hydraulic-handbrake-fat","status":"publish","type":"product","link":"https:\/\/fat-dp.com\/pl\/reverse-billet-hydraulic-handbrake-fat\/","title":{"rendered":"Odwr\u00f3cony hydrauliczny hamulec r\u0119czny Billet FAT"},"content":{"rendered":"<p class=\"ai-optimize-25 ai-optimize-introduction\"><b>Odwr\u00f3cony hydrauliczny hamulec r\u0119czny Billet<\/b><\/p>\n<p class=\"ai-optimize-26\"><span style=\"font-weight: 400;\">Prezentujemy nowy hydrauliczny hamulec r\u0119czny z pomp\u0105 skierowan\u0105 do przodu.<\/span><\/p>\n<p class=\"ai-optimize-27\"><span style=\"font-weight: 400;\">Zar\u00f3wno d\u017awignia, jak i podstawa monta\u017cowa s\u0105 frezowane CNC z jednej bry\u0142y aluminium.<\/span><span style=\"font-weight: 400;\"><br \/>\n<\/span><span style=\"font-weight: 400;\"> Najwy\u017csza jako\u015b\u0107 wykonania i zaawansowana konstrukcja.<\/span><span style=\"font-weight: 400;\"><br \/>\n<\/span><span style=\"font-weight: 400;\"> Podstawa jest wyposa\u017cona w funkcj\u0119 regulacji luzu (eliminacja martwego skoku).<\/span><span style=\"font-weight: 400;\"><br \/>\n<\/span><span style=\"font-weight: 400;\"> Wysoko\u015b\u0107 od spodu podstawy do g\u00f3rnej cz\u0119\u015bci d\u017awigni: 550 mm.<\/span><span style=\"font-weight: 400;\"><br \/>\n<\/span><span style=\"font-weight: 400;\"> Pompa g\u0142\u00f3wna Brembo z zintegrowanym zbiornikiem. \u015arednica t\u0142oka: 0,75 cala.<\/span><\/p>\n<h3 class=\"ai-optimize-29\"><b>Najwa\u017cniejsze cechy produktu<\/b><\/h3>\n<ul>\n<li class=\"ai-optimize-36\" style=\"font-weight: 400;\" aria-level=\"1\"><span style=\"font-weight: 400;\">Reverse hydraulic handbrake with a forward-facing master cylinder<\/span><\/li>\n<li class=\"ai-optimize-37\" style=\"font-weight: 400;\" aria-level=\"1\"><span style=\"font-weight: 400;\">Konstrukcja frezowana CNC z aluminium \u2013 d\u017awignia i rama monta\u017cowa wykonane z jednej bry\u0142y aluminium.<\/span><\/li>\n<li class=\"ai-optimize-38\" style=\"font-weight: 400;\" aria-level=\"1\"><span style=\"font-weight: 400;\">Najwy\u017csza jako\u015b\u0107 wykonania z nowoczesn\u0105, zaawansowan\u0105 konstrukcj\u0105.<\/span><\/li>\n<li class=\"ai-optimize-39\" style=\"font-weight: 400;\" aria-level=\"1\"><span style=\"font-weight: 400;\">Klatka monta\u017cowa z funkcj\u0105 regulacji luzu<\/span><\/li>\n<li class=\"ai-optimize-40\" style=\"font-weight: 400;\" aria-level=\"1\"><span style=\"font-weight: 400;\">Wysoko\u015b\u0107 od spodu ramy monta\u017cowej do g\u00f3rnej cz\u0119\u015bci d\u017awigni: 550 mm.<\/span><\/li>\n<li class=\"ai-optimize-41\" style=\"font-weight: 400;\" aria-level=\"1\"><span style=\"font-weight: 400;\">Pompa g\u0142\u00f3wna Brembo z zintegrowanym zbiornikiem.<\/span><\/li>\n<li class=\"ai-optimize-42\" style=\"font-weight: 400;\" aria-level=\"1\"><span style=\"font-weight: 400;\">\u015arednica t\u0142oka pompy g\u0142\u00f3wnej: 0,75 cala.<\/span><\/li>\n<li class=\"ai-optimize-43\" style=\"font-weight: 400;\" aria-level=\"1\"><span style=\"font-weight: 400;\">Przeznaczony do zastosowa\u0144 motorsportowych \/ driftu.<\/span><\/li>\n<\/ul>","protected":false},"excerpt":{"rendered":"<p>Reverse Billet Hydraulic Handbrake We present a new hydraulic handbrake with a forward-facing pump. Both the lever and the mounting base are CNC-machined from billet&#8230;<\/p>","protected":false},"featured_media":5218,"comment_status":"closed","ping_status":"closed","template":"","meta":[],"product_brand":[],"product_cat":[205,72],"product_tag":[],"class_list":{"0":"post-5211","1":"product","2":"type-product","3":"status-publish","4":"has-post-thumbnail","6":"product_cat-billet","7":"product_cat-universal","9":"first","10":"instock","11":"taxable","12":"shipping-taxable","13":"purchasable","14":"product-type-simple"},"etheme_brands":{"errors":{"invalid_taxonomy":["Nieprawid\u0142owa taksonomia."]},"error_data":[]},"yoast_head":"<!-- This site is optimized with the Yoast SEO Premium plugin v25.2 (Yoast SEO v25.2) - https:\/\/yoast.com\/wordpress\/plugins\/seo\/ -->\n<title>Reverse Billet Hydraulic Handbrake FAT - fat-dp.com<\/title>\n<meta name=\"robots\" content=\"index, follow, max-snippet:-1, max-image-preview:large, max-video-preview:-1\" \/>\n<link rel=\"canonical\" href=\"https:\/\/fat-dp.com\/pl\/reverse-billet-hydraulic-handbrake-fat\/\" \/>\n<meta property=\"og:locale\" content=\"pl_PL\" \/>\n<meta property=\"og:type\" content=\"article\" \/>\n<meta property=\"og:title\" content=\"Reverse Billet Hydraulic Handbrake FAT\" \/>\n<meta property=\"og:description\" content=\"Reverse Billet Hydraulic Handbrake We present a new hydraulic handbrake with a forward-facing pump. Both the lever and the mounting base are CNC-machined from billet...\" \/>\n<meta property=\"og:url\" content=\"https:\/\/fat-dp.com\/pl\/reverse-billet-hydraulic-handbrake-fat\/\" \/>\n<meta property=\"og:site_name\" content=\"fat-dp.com\" \/>\n<meta property=\"article:modified_time\" content=\"2026-02-11T05:23:42+00:00\" \/>\n<meta property=\"og:image\" content=\"https:\/\/fat-dp.com\/wp-content\/uploads\/2026\/02\/fat-rbhh-scaled.jpg\" \/>\n\t<meta property=\"og:image:width\" content=\"2560\" \/>\n\t<meta property=\"og:image:height\" content=\"1920\" \/>\n\t<meta property=\"og:image:type\" content=\"image\/jpeg\" \/>\n<meta name=\"twitter:card\" content=\"summary_large_image\" \/>\n<meta name=\"twitter:label1\" content=\"Cena\" \/>\n\t<meta name=\"twitter:data1\" content=\"&euro;210.00 incl. VAT \/ TAX\" \/>\n\t<meta name=\"twitter:label2\" content=\"Dost\u0119pno\u015b\u0107\" \/>\n\t<meta name=\"twitter:data2\" content=\"Dost\u0119pny\" \/>\n<script type=\"application\/ld+json\" class=\"yoast-schema-graph\">{\"@context\":\"https:\/\/schema.org\",\"@graph\":[{\"@type\":[\"WebPage\",\"ItemPage\"],\"@id\":\"https:\/\/fat-dp.com\/reverse-billet-hydraulic-handbrake-fat\/\",\"url\":\"https:\/\/fat-dp.com\/reverse-billet-hydraulic-handbrake-fat\/\",\"name\":\"Reverse Billet Hydraulic Handbrake FAT - fat-dp.com\",\"isPartOf\":{\"@id\":\"https:\/\/fat-dp.com\/#website\"},\"primaryImageOfPage\":{\"@id\":\"https:\/\/fat-dp.com\/reverse-billet-hydraulic-handbrake-fat\/#primaryimage\"},\"image\":{\"@id\":\"https:\/\/fat-dp.com\/reverse-billet-hydraulic-handbrake-fat\/#primaryimage\"},\"thumbnailUrl\":\"https:\/\/fat-dp.com\/wp-content\/uploads\/2026\/02\/fat-rbhh-scaled.jpg\",\"datePublished\":\"2026-02-10T15:33:10+00:00\",\"dateModified\":\"2026-02-11T05:23:42+00:00\",\"breadcrumb\":{\"@id\":\"https:\/\/fat-dp.com\/reverse-billet-hydraulic-handbrake-fat\/#breadcrumb\"},\"inLanguage\":\"pl-PL\",\"potentialAction\":[{\"@type\":\"ReadAction\",\"target\":[\"https:\/\/fat-dp.com\/reverse-billet-hydraulic-handbrake-fat\/\"]}]},{\"@type\":\"ImageObject\",\"inLanguage\":\"pl-PL\",\"@id\":\"https:\/\/fat-dp.com\/reverse-billet-hydraulic-handbrake-fat\/#primaryimage\",\"url\":\"https:\/\/fat-dp.com\/wp-content\/uploads\/2026\/02\/fat-rbhh-scaled.jpg\",\"contentUrl\":\"https:\/\/fat-dp.com\/wp-content\/uploads\/2026\/02\/fat-rbhh-scaled.jpg\",\"width\":2560,\"height\":1920},{\"@type\":\"BreadcrumbList\",\"@id\":\"https:\/\/fat-dp.com\/reverse-billet-hydraulic-handbrake-fat\/#breadcrumb\",\"itemListElement\":[{\"@type\":\"ListItem\",\"position\":1,\"name\":\"Strona g\u0142\u00f3wna\",\"item\":\"https:\/\/fat-dp.com\/\"},{\"@type\":\"ListItem\",\"position\":2,\"name\":\"Shop\",\"item\":\"https:\/\/fat-dp.com\/shop\/\"},{\"@type\":\"ListItem\",\"position\":3,\"name\":\"Reverse Billet Hydraulic Handbrake FAT\"}]},{\"@type\":\"WebSite\",\"@id\":\"https:\/\/fat-dp.com\/#website\",\"url\":\"https:\/\/fat-dp.com\/\",\"name\":\"fat-dp.com\",\"description\":\"FAT DRIFT PERFORMANCE PARTS\",\"publisher\":{\"@id\":\"https:\/\/fat-dp.com\/#organization\"},\"potentialAction\":[{\"@type\":\"SearchAction\",\"target\":{\"@type\":\"EntryPoint\",\"urlTemplate\":\"https:\/\/fat-dp.com\/?s={search_term_string}\"},\"query-input\":{\"@type\":\"PropertyValueSpecification\",\"valueRequired\":true,\"valueName\":\"search_term_string\"}}],\"inLanguage\":\"pl-PL\"},{\"@type\":\"Organization\",\"@id\":\"https:\/\/fat-dp.com\/#organization\",\"name\":\"fat-dp.com\",\"url\":\"https:\/\/fat-dp.com\/\",\"logo\":{\"@type\":\"ImageObject\",\"inLanguage\":\"pl-PL\",\"@id\":\"https:\/\/fat-dp.com\/#\/schema\/logo\/image\/\",\"url\":\"https:\/\/fat-dp.com\/wp-content\/uploads\/2017\/02\/fat-dp-logo-www.png\",\"contentUrl\":\"https:\/\/fat-dp.com\/wp-content\/uploads\/2017\/02\/fat-dp-logo-www.png\",\"width\":926,\"height\":352,\"caption\":\"fat-dp.com\"},\"image\":{\"@id\":\"https:\/\/fat-dp.com\/#\/schema\/logo\/image\/\"}}]}<\/script>\n<meta property=\"product:price:amount\" content=\"210.00\" \/>\n<meta property=\"product:price:currency\" content=\"EUR\" \/>\n<meta property=\"og:availability\" content=\"instock\" \/>\n<meta property=\"product:availability\" content=\"instock\" \/>\n<meta property=\"product:retailer_item_id\" content=\"FAT-RBHH\" \/>\n<meta property=\"product:condition\" content=\"new\" \/>\n<!-- \/ Yoast SEO Premium plugin. -->","yoast_head_json":{"title":"Reverse Billet Hydraulic Handbrake FAT - fat-dp.com","robots":{"index":"index","follow":"follow","max-snippet":"max-snippet:-1","max-image-preview":"max-image-preview:large","max-video-preview":"max-video-preview:-1"},"canonical":"https:\/\/fat-dp.com\/pl\/reverse-billet-hydraulic-handbrake-fat\/","og_locale":"pl_PL","og_type":"article","og_title":"Reverse Billet Hydraulic Handbrake FAT","og_description":"Reverse Billet Hydraulic Handbrake We present a new hydraulic handbrake with a forward-facing pump. Both the lever and the mounting base are CNC-machined from billet...","og_url":"https:\/\/fat-dp.com\/pl\/reverse-billet-hydraulic-handbrake-fat\/","og_site_name":"fat-dp.com","article_modified_time":"2026-02-11T05:23:42+00:00","og_image":[{"width":2560,"height":1920,"url":"https:\/\/fat-dp.com\/wp-content\/uploads\/2026\/02\/fat-rbhh-scaled.jpg","type":"image\/jpeg"}],"twitter_card":"summary_large_image","twitter_misc":{"Cena":"&euro;210.00 incl. VAT \/ TAX","Dost\u0119pno\u015b\u0107":"Dost\u0119pny"},"schema":{"@context":"https:\/\/schema.org","@graph":[{"@type":["WebPage","ItemPage"],"@id":"https:\/\/fat-dp.com\/reverse-billet-hydraulic-handbrake-fat\/","url":"https:\/\/fat-dp.com\/reverse-billet-hydraulic-handbrake-fat\/","name":"Reverse Billet Hydraulic Handbrake FAT - fat-dp.com","isPartOf":{"@id":"https:\/\/fat-dp.com\/#website"},"primaryImageOfPage":{"@id":"https:\/\/fat-dp.com\/reverse-billet-hydraulic-handbrake-fat\/#primaryimage"},"image":{"@id":"https:\/\/fat-dp.com\/reverse-billet-hydraulic-handbrake-fat\/#primaryimage"},"thumbnailUrl":"https:\/\/fat-dp.com\/wp-content\/uploads\/2026\/02\/fat-rbhh-scaled.jpg","datePublished":"2026-02-10T15:33:10+00:00","dateModified":"2026-02-11T05:23:42+00:00","breadcrumb":{"@id":"https:\/\/fat-dp.com\/reverse-billet-hydraulic-handbrake-fat\/#breadcrumb"},"inLanguage":"pl-PL","potentialAction":[{"@type":"ReadAction","target":["https:\/\/fat-dp.com\/reverse-billet-hydraulic-handbrake-fat\/"]}]},{"@type":"ImageObject","inLanguage":"pl-PL","@id":"https:\/\/fat-dp.com\/reverse-billet-hydraulic-handbrake-fat\/#primaryimage","url":"https:\/\/fat-dp.com\/wp-content\/uploads\/2026\/02\/fat-rbhh-scaled.jpg","contentUrl":"https:\/\/fat-dp.com\/wp-content\/uploads\/2026\/02\/fat-rbhh-scaled.jpg","width":2560,"height":1920},{"@type":"BreadcrumbList","@id":"https:\/\/fat-dp.com\/reverse-billet-hydraulic-handbrake-fat\/#breadcrumb","itemListElement":[{"@type":"ListItem","position":1,"name":"Strona g\u0142\u00f3wna","item":"https:\/\/fat-dp.com\/"},{"@type":"ListItem","position":2,"name":"Shop","item":"https:\/\/fat-dp.com\/shop\/"},{"@type":"ListItem","position":3,"name":"Reverse Billet Hydraulic Handbrake FAT"}]},{"@type":"WebSite","@id":"https:\/\/fat-dp.com\/#website","url":"https:\/\/fat-dp.com\/","name":"fat-dp.com","description":"FAT DRIFT PERFORMANCE PARTS","publisher":{"@id":"https:\/\/fat-dp.com\/#organization"},"potentialAction":[{"@type":"SearchAction","target":{"@type":"EntryPoint","urlTemplate":"https:\/\/fat-dp.com\/?s={search_term_string}"},"query-input":{"@type":"PropertyValueSpecification","valueRequired":true,"valueName":"search_term_string"}}],"inLanguage":"pl-PL"},{"@type":"Organization","@id":"https:\/\/fat-dp.com\/#organization","name":"fat-dp.com","url":"https:\/\/fat-dp.com\/","logo":{"@type":"ImageObject","inLanguage":"pl-PL","@id":"https:\/\/fat-dp.com\/#\/schema\/logo\/image\/","url":"https:\/\/fat-dp.com\/wp-content\/uploads\/2017\/02\/fat-dp-logo-www.png","contentUrl":"https:\/\/fat-dp.com\/wp-content\/uploads\/2017\/02\/fat-dp-logo-www.png","width":926,"height":352,"caption":"fat-dp.com"},"image":{"@id":"https:\/\/fat-dp.com\/#\/schema\/logo\/image\/"}}]},"product_price_amount":"210.00","product_price_currency":"EUR","og_availability":"instock","product_availability":"instock","product_retailer_item_id":"FAT-RBHH","product_condition":"new"},"_links":{"self":[{"href":"https:\/\/fat-dp.com\/pl\/wp-json\/wp\/v2\/product\/5211","targetHints":{"allow":["GET"]}}],"collection":[{"href":"https:\/\/fat-dp.com\/pl\/wp-json\/wp\/v2\/product"}],"about":[{"href":"https:\/\/fat-dp.com\/pl\/wp-json\/wp\/v2\/types\/product"}],"replies":[{"embeddable":true,"href":"https:\/\/fat-dp.com\/pl\/wp-json\/wp\/v2\/comments?post=5211"}],"version-history":[{"count":3,"href":"https:\/\/fat-dp.com\/pl\/wp-json\/wp\/v2\/product\/5211\/revisions"}],"predecessor-version":[{"id":5226,"href":"https:\/\/fat-dp.com\/pl\/wp-json\/wp\/v2\/product\/5211\/revisions\/5226"}],"wp:featuredmedia":[{"embeddable":true,"href":"https:\/\/fat-dp.com\/pl\/wp-json\/wp\/v2\/media\/5218"}],"wp:attachment":[{"href":"https:\/\/fat-dp.com\/pl\/wp-json\/wp\/v2\/media?parent=5211"}],"wp:term":[{"taxonomy":"product_brand","embeddable":true,"href":"https:\/\/fat-dp.com\/pl\/wp-json\/wp\/v2\/product_brand?post=5211"},{"taxonomy":"product_cat","embeddable":true,"href":"https:\/\/fat-dp.com\/pl\/wp-json\/wp\/v2\/product_cat?post=5211"},{"taxonomy":"product_tag","embeddable":true,"href":"https:\/\/fat-dp.com\/pl\/wp-json\/wp\/v2\/product_tag?post=5211"}],"curies":[{"name":"wp","href":"https:\/\/api.w.org\/{rel}","templated":true}]}}